{"id":313,"date":"2021-12-11T18:41:30","date_gmt":"2021-12-11T17:41:30","guid":{"rendered":"https:\/\/fu-ortsverband-reisbach.de\/?page_id=313"},"modified":"2026-03-01T09:50:04","modified_gmt":"2026-03-01T08:50:04","slug":"willkommen-beim-fu-ortsverband-reisbach","status":"publish","type":"page","link":"https:\/\/fu-ortsverband-reisbach.de\/","title":{"rendered":"Willkommen beim FU Ortsverband Reisbach"},"content":{"rendered":"\n<figure class=\"wp-block-image size-full is-resized\"><img loading=\"lazy\" decoding=\"async\" width=\"544\" height=\"265\" src=\"https:\/\/fu-ortsverband-reisbach.de\/wp-content\/uploads\/2021\/05\/Reisbach-Ubersicht-2-m.-R..jpg\" alt=\"\" class=\"wp-image-56\" style=\"width:818px;height:398px\" srcset=\"https:\/\/fu-ortsverband-reisbach.de\/wp-content\/uploads\/2021\/05\/Reisbach-Ubersicht-2-m.-R..jpg 544w, https:\/\/fu-ortsverband-reisbach.de\/wp-content\/uploads\/2021\/05\/Reisbach-Ubersicht-2-m.-R.-300x146.jpg 300w\" sizes=\"auto, (max-width: 544px) 100vw, 544px\" \/><\/figure>\n\n\n\n<p><strong>Ein herzliches \u201eGr\u00fc\u00df Gott\u201c beim FU-Ortsverband Reisbach auf der neuen Homepage-Seite!<\/strong><\/p>\n\n\n\n<p>Wir d\u00fcrfen uns kurz vorstellen:<\/p>\n\n\n\n<p>Unser\u00a0Ortsverband\u00a0besteht derzeit aus 43 Mitgliedern.<\/p>\n\n\n\n<p>Politik geht uns alle an! Deshalb ist es unser Ziel, das Engagement der Frauen in der Politik zu f\u00f6rdern. &nbsp;<\/p>\n\n\n\n<p>Es w\u00e4re sch\u00f6n, wenn Sie uns dabei unterst\u00fctzen w\u00fcrden.&nbsp;<\/p>\n\n\n\n<p>Helfen Sie mit, dass auch Ihre pers\u00f6nlichen Ideen in die Politik eingebracht werden! Kommen Sie doch mal in unsere Runde! Bestimmt findet die eine oder andere unserer Aktivit\u00e4ten, \u2013 auch auf gesellschaftlicher Basis-, Ihr Interesse.<\/p>\n\n\n\n<p>Aktuelle Veranstaltungen ersehen Sie unter unseren Terminen. Zur Information \u00fcber unsere vergangenen Aktivit\u00e4ten k\u00f6nnen Sie gerne unter &#8222;Beitr\u00e4ge \/ Veranstaltungen&#8220; bl\u00e4ttern.<\/p>\n\n\n\n<p>Es gr\u00fc\u00dft Sie die&nbsp;Vorsitzende Carmen B\u00f6hm<\/p>\n\n\n\n<p><meta charset=\"utf-8\">Kontakt: <a href=\"mailto:info@fu-ortsverband-reisbach.de\">info@fu-ortsverband-reisbach.de<\/a><\/p>\n","protected":false},"excerpt":{"rendered":"<p>Ein herzliches \u201eGr\u00fc\u00df Gott\u201c beim FU-Ortsverband Reisbach auf der neuen Homepage-Seite! Wir d\u00fcrfen uns kurz vorstellen: Unser\u00a0Ortsverband\u00a0besteht derzeit aus 43 Mitgliedern. Politik geht uns alle an! Deshalb ist es unser Ziel, das Engagement der Frauen in der Politik zu f\u00f6rdern. &nbsp; Es w\u00e4re sch\u00f6n, wenn Sie uns dabei unterst\u00fctzen w\u00fcrden.&nbsp; Helfen Sie mit, dass auch &#8230; <a title=\"Willkommen beim FU Ortsverband Reisbach\" class=\"read-more\" href=\"https:\/\/fu-ortsverband-reisbach.de\/\" aria-label=\"Mehr Informationen \u00fcber Willkommen beim FU Ortsverband Reisbach\">Weiterlesen<\/a><\/p>\n","protected":false},"author":1,"featured_media":0,"parent":0,"menu_order":0,"comment_status":"closed","ping_status":"closed","template":"","meta":{"footnotes":""},"class_list":["post-313","page","type-page","status-publish"],"_links":{"self":[{"href":"https:\/\/fu-ortsverband-reisbach.de\/index.php?rest_route=\/wp\/v2\/pages\/313","targetHints":{"allow":["GET"]}}],"collection":[{"href":"https:\/\/fu-ortsverband-reisbach.de\/index.php?rest_route=\/wp\/v2\/pages"}],"about":[{"href":"https:\/\/fu-ortsverband-reisbach.de\/index.php?rest_route=\/wp\/v2\/types\/page"}],"author":[{"embeddable":true,"href":"https:\/\/fu-ortsverband-reisbach.de\/index.php?rest_route=\/wp\/v2\/users\/1"}],"replies":[{"embeddable":true,"href":"https:\/\/fu-ortsverband-reisbach.de\/index.php?rest_route=%2Fwp%2Fv2%2Fcomments&post=313"}],"version-history":[{"count":2,"href":"https:\/\/fu-ortsverband-reisbach.de\/index.php?rest_route=\/wp\/v2\/pages\/313\/revisions"}],"predecessor-version":[{"id":861,"href":"https:\/\/fu-ortsverband-reisbach.de\/index.php?rest_route=\/wp\/v2\/pages\/313\/revisions\/861"}],"wp:attachment":[{"href":"https:\/\/fu-ortsverband-reisbach.de\/index.php?rest_route=%2Fwp%2Fv2%2Fmedia&parent=313"}],"curies":[{"name":"wp","href":"https:\/\/api.w.org\/{rel}","templated":true}]}}