{"id":26,"date":"2021-05-03T13:23:09","date_gmt":"2021-05-03T11:23:09","guid":{"rendered":"https:\/\/fu-ortsverband-reisbach.de\/?page_id=26"},"modified":"2025-06-16T21:20:04","modified_gmt":"2025-06-16T19:20:04","slug":"vorstandschaft","status":"publish","type":"page","link":"https:\/\/fu-ortsverband-reisbach.de\/?page_id=26","title":{"rendered":"Vorstandschaft"},"content":{"rendered":"\n<p class=\"has-text-align-center has-large-font-size\"><strong><em><span class=\"has-inline-color has-accent-color\">Erste Vorsitzende<\/span><\/em><span class=\"has-inline-color has-accent-color\"><em>:<\/em><\/span><\/strong><\/p>\n\n\n\n<p class=\"has-text-align-center has-large-font-size\"><strong><span class=\"has-inline-color has-accent-color\">Carmen B\u00f6hm<\/span><\/strong><\/p>\n\n\n<div class=\"wp-block-image is-style-rounded\">\n<figure class=\"aligncenter size-full\"><img loading=\"lazy\" decoding=\"async\" width=\"306\" height=\"391\" src=\"https:\/\/fu-ortsverband-reisbach.de\/wp-content\/uploads\/2021\/11\/Carmen-Foto-21.jpg\" alt=\"\" class=\"wp-image-286\" srcset=\"https:\/\/fu-ortsverband-reisbach.de\/wp-content\/uploads\/2021\/11\/Carmen-Foto-21.jpg 306w, https:\/\/fu-ortsverband-reisbach.de\/wp-content\/uploads\/2021\/11\/Carmen-Foto-21-235x300.jpg 235w\" sizes=\"auto, (max-width: 306px) 100vw, 306px\" \/><\/figure>\n<\/div>\n\n\n<p class=\"has-text-align-center\"><strong>Gestaltung der Homepage des FU Ortsverbandes Reisbach,<\/strong> des FU Kreisverbandes Dingolfing-Landau, der Senioren-Union Kreisverband Dingolfing-Landau und der Senioren-Union Bezirksverband Niederbayern  <\/p>\n\n\n\n<p class=\"has-text-align-center\"><strong>Kontakt: info@fu-ortsverband-reisbach.de<\/strong><\/p>\n\n\n\n<p class=\"has-text-align-center has-large-font-size\"><strong><em><span class=\"has-inline-color has-accent-color\">Stellvertretende Vorsitzende<\/span><\/em><\/strong><em>:<\/em><\/p>\n\n\n\n<p class=\"has-text-align-center has-large-font-size\"><strong><span class=\"has-inline-color has-accent-color\">Theresa Steinberger<\/span><\/strong><\/p>\n\n\n<div class=\"wp-block-image is-style-rounded\">\n<figure class=\"aligncenter size-medium\"><img loading=\"lazy\" decoding=\"async\" width=\"217\" height=\"300\" src=\"https:\/\/fu-ortsverband-reisbach.de\/wp-content\/uploads\/2021\/05\/Foto-Resi-217x300.jpg\" alt=\"\" class=\"wp-image-62\" srcset=\"https:\/\/fu-ortsverband-reisbach.de\/wp-content\/uploads\/2021\/05\/Foto-Resi-217x300.jpg 217w, https:\/\/fu-ortsverband-reisbach.de\/wp-content\/uploads\/2021\/05\/Foto-Resi-768x1064.jpg 768w, https:\/\/fu-ortsverband-reisbach.de\/wp-content\/uploads\/2021\/05\/Foto-Resi-739x1024.jpg 739w, https:\/\/fu-ortsverband-reisbach.de\/wp-content\/uploads\/2021\/05\/Foto-Resi-1109x1536.jpg 1109w, https:\/\/fu-ortsverband-reisbach.de\/wp-content\/uploads\/2021\/05\/Foto-Resi-1479x2048.jpg 1479w, https:\/\/fu-ortsverband-reisbach.de\/wp-content\/uploads\/2021\/05\/Foto-Resi.jpg 1535w\" sizes=\"auto, (max-width: 217px) 100vw, 217px\" \/><\/figure>\n<\/div>\n\n\n<p class=\"has-text-align-center has-large-font-size\"><strong><span class=\"has-inline-color has-accent-color\">Magdalena Brandner<\/span><\/strong><\/p>\n\n\n<div class=\"wp-block-image is-style-rounded\">\n<figure class=\"aligncenter size-medium\"><img loading=\"lazy\" decoding=\"async\" width=\"222\" height=\"300\" src=\"https:\/\/fu-ortsverband-reisbach.de\/wp-content\/uploads\/2021\/05\/Foto-Leni-222x300.jpg\" alt=\"\" class=\"wp-image-63\" srcset=\"https:\/\/fu-ortsverband-reisbach.de\/wp-content\/uploads\/2021\/05\/Foto-Leni-222x300.jpg 222w, https:\/\/fu-ortsverband-reisbach.de\/wp-content\/uploads\/2021\/05\/Foto-Leni-768x1038.jpg 768w, https:\/\/fu-ortsverband-reisbach.de\/wp-content\/uploads\/2021\/05\/Foto-Leni-758x1024.jpg 758w, https:\/\/fu-ortsverband-reisbach.de\/wp-content\/uploads\/2021\/05\/Foto-Leni-1136x1536.jpg 1136w, https:\/\/fu-ortsverband-reisbach.de\/wp-content\/uploads\/2021\/05\/Foto-Leni-1515x2048.jpg 1515w, https:\/\/fu-ortsverband-reisbach.de\/wp-content\/uploads\/2021\/05\/Foto-Leni.jpg 1624w\" sizes=\"auto, (max-width: 222px) 100vw, 222px\" \/><figcaption class=\"wp-element-caption\"><br><\/figcaption><\/figure>\n<\/div>\n\n\n<p class=\"has-text-align-center has-medium-font-size\"><strong><em><span class=\"has-inline-color has-accent-color\">Schriftf\u00fchrerin:<\/span><\/em> Angeline Beck<\/strong><\/p>\n\n\n\n<p class=\"has-text-align-center has-medium-font-size\"><span style=\"background-color:rgba(0, 0, 0, 0)\" class=\"has-inline-color has-accent-color\"><strong><em>Schatzmeisterin<\/em>:<\/strong> <\/span><strong>Sabine Gruber<\/strong><\/p>\n\n\n\n<p class=\"has-text-align-center has-medium-font-size\"><em><span style=\"background-color:rgba(0, 0, 0, 0)\" class=\"has-inline-color has-accent-color\"><strong>Beisitzerinnen:<\/strong> <\/span><\/em><strong>Rita Bramer, Andrea Fitz, Elena Fr\u00fchauf, Jessica Kruk, Agathe Nu\u00dfbaumeder<\/strong><\/p>\n\n\n\n<p class=\"has-text-align-center has-medium-font-size\"><em><strong><span class=\"has-inline-color has-accent-color\">Kassenpr\u00fcferinnen:<\/span><\/strong><\/em> <strong>Heidi Kosina<\/strong> <strong>und<\/strong> <strong>Margarete Nu\u00dfbaumeder <\/strong><\/p>\n\n\n\n<p class=\"has-text-align-center has-medium-font-size\"><span style=\"background-color:rgba(0, 0, 0, 0)\" class=\"has-inline-color has-accent-color\"><strong><em>Ehrenvorsitzende:<\/em><\/strong> <\/span><strong>Theresia Schweikl<\/strong><\/p>\n\n\n\n<p class=\"has-text-align-center\"><\/p>\n\n\n\n<figure class=\"wp-block-gallery has-nested-images columns-default is-cropped wp-block-gallery-1 is-layout-flex wp-block-gallery-is-layout-flex\">\n<figure class=\"wp-block-image size-large\"><img loading=\"lazy\" decoding=\"async\" width=\"1024\" height=\"542\" data-id=\"747\" src=\"https:\/\/fu-ortsverband-reisbach.de\/wp-content\/uploads\/2025\/06\/28.03.25-OHV-Vorstandschaft-m.R-1024x542.jpg\" alt=\"\" class=\"wp-image-747\" srcset=\"https:\/\/fu-ortsverband-reisbach.de\/wp-content\/uploads\/2025\/06\/28.03.25-OHV-Vorstandschaft-m.R-1024x542.jpg 1024w, https:\/\/fu-ortsverband-reisbach.de\/wp-content\/uploads\/2025\/06\/28.03.25-OHV-Vorstandschaft-m.R-300x159.jpg 300w, https:\/\/fu-ortsverband-reisbach.de\/wp-content\/uploads\/2025\/06\/28.03.25-OHV-Vorstandschaft-m.R-768x406.jpg 768w, https:\/\/fu-ortsverband-reisbach.de\/wp-content\/uploads\/2025\/06\/28.03.25-OHV-Vorstandschaft-m.R-1536x813.jpg 1536w, https:\/\/fu-ortsverband-reisbach.de\/wp-content\/uploads\/2025\/06\/28.03.25-OHV-Vorstandschaft-m.R-2048x1084.jpg 2048w\" sizes=\"auto, (max-width: 1024px) 100vw, 1024px\" \/><figcaption class=\"wp-element-caption\"><strong>Die neu gew\u00e4hlte Vorstandschaft mit Ehreng\u00e4sten<\/strong> <\/figcaption><\/figure>\n<\/figure>\n\n\n\n<p class=\"has-text-align-center\">In der Ortshauptversammlung am 28.03.2025 wurden au\u00dferdem Delegierte und Ersatzdelegierte in die FU-Kreisdelegiertenversammlung gew\u00e4hlt<\/p>\n","protected":false},"excerpt":{"rendered":"<p>Erste Vorsitzende: Carmen B\u00f6hm Gestaltung der Homepage des FU Ortsverbandes Reisbach, des FU Kreisverbandes Dingolfing-Landau, der Senioren-Union Kreisverband Dingolfing-Landau und der Senioren-Union Bezirksverband Niederbayern Kontakt: info@fu-ortsverband-reisbach.de Stellvertretende Vorsitzende: Theresa Steinberger Magdalena Brandner Schriftf\u00fchrerin: Angeline Beck Schatzmeisterin: Sabine Gruber Beisitzerinnen: Rita Bramer, Andrea Fitz, Elena Fr\u00fchauf, Jessica Kruk, Agathe Nu\u00dfbaumeder Kassenpr\u00fcferinnen: Heidi Kosina und Margarete Nu\u00dfbaumeder &#8230; <a title=\"Vorstandschaft\" class=\"read-more\" href=\"https:\/\/fu-ortsverband-reisbach.de\/?page_id=26\" aria-label=\"Mehr Informationen \u00fcber Vorstandschaft\">Weiterlesen<\/a><\/p>\n","protected":false},"author":1,"featured_media":0,"parent":0,"menu_order":0,"comment_status":"closed","ping_status":"closed","template":"","meta":{"footnotes":""},"class_list":["post-26","page","type-page","status-publish"],"_links":{"self":[{"href":"https:\/\/fu-ortsverband-reisbach.de\/index.php?rest_route=\/wp\/v2\/pages\/26","targetHints":{"allow":["GET"]}}],"collection":[{"href":"https:\/\/fu-ortsverband-reisbach.de\/index.php?rest_route=\/wp\/v2\/pages"}],"about":[{"href":"https:\/\/fu-ortsverband-reisbach.de\/index.php?rest_route=\/wp\/v2\/types\/page"}],"author":[{"embeddable":true,"href":"https:\/\/fu-ortsverband-reisbach.de\/index.php?rest_route=\/wp\/v2\/users\/1"}],"replies":[{"embeddable":true,"href":"https:\/\/fu-ortsverband-reisbach.de\/index.php?rest_route=%2Fwp%2Fv2%2Fcomments&post=26"}],"version-history":[{"count":0,"href":"https:\/\/fu-ortsverband-reisbach.de\/index.php?rest_route=\/wp\/v2\/pages\/26\/revisions"}],"wp:attachment":[{"href":"https:\/\/fu-ortsverband-reisbach.de\/index.php?rest_route=%2Fwp%2Fv2%2Fmedia&parent=26"}],"curies":[{"name":"wp","href":"https:\/\/api.w.org\/{rel}","templated":true}]}}