{"id":24,"date":"2021-05-03T13:22:48","date_gmt":"2021-05-03T11:22:48","guid":{"rendered":"https:\/\/fu-ortsverband-reisbach.de\/?page_id=24"},"modified":"2021-12-20T10:37:12","modified_gmt":"2021-12-20T09:37:12","slug":"termine","status":"publish","type":"page","link":"https:\/\/fu-ortsverband-reisbach.de\/?page_id=24","title":{"rendered":"Termine"},"content":{"rendered":"\n\t\t\t\t<div class=\"event-list\">\n\t\t\t\t<style type=\"text\/css\">\n\t\t\t\t\t.filterbar { display:table; width:100% }\n\t\t\t\t\t.filterbar > div { display:table-cell }\n\t\t\t\t<\/style>\n\t\t\t\t<!--[if lte IE 7]>\n\t\t\t\t<style>.filterbar > div { float:left }<\/style>\n\t\t\t\t<![endif]-->\n\t\t\t\t<div class=\"filterbar subsubsub\">\n\t\t\t\t\t<div style=\"text-align:left\"><ul class=\"hlist\"><li><a href=\"https:\/\/fu-ortsverband-reisbach.de\/?page_id=24&#038;rest_route=%2Fwp%2Fv2%2Fpages%2F24&#038;date1=all\">Alle<\/a><\/li><li><strong>Anstehend<\/strong><\/li><li><a href=\"https:\/\/fu-ortsverband-reisbach.de\/?page_id=24&#038;rest_route=%2Fwp%2Fv2%2Fpages%2F24&#038;date1=2021\">2021<\/a><\/li><li><a href=\"https:\/\/fu-ortsverband-reisbach.de\/?page_id=24&#038;rest_route=%2Fwp%2Fv2%2Fpages%2F24&#038;date1=2022\">2022<\/a><\/li><li><a href=\"https:\/\/fu-ortsverband-reisbach.de\/?page_id=24&#038;rest_route=%2Fwp%2Fv2%2Fpages%2F24&#038;date1=2023\">2023<\/a><\/li><li><a href=\"https:\/\/fu-ortsverband-reisbach.de\/?page_id=24&#038;rest_route=%2Fwp%2Fv2%2Fpages%2F24&#038;date1=2024\">2024<\/a><\/li><li><a href=\"https:\/\/fu-ortsverband-reisbach.de\/?page_id=24&#038;rest_route=%2Fwp%2Fv2%2Fpages%2F24&#038;date1=2025\">2025<\/a><\/li><li><a href=\"https:\/\/fu-ortsverband-reisbach.de\/?page_id=24&#038;rest_route=%2Fwp%2Fv2%2Fpages%2F24&#038;date1=2026\">2026<\/a><\/li><\/ul>\n\t\t\t\t\t<\/div><\/div>\n\t\t\t\t<ul class=\"event-list-view\">\n\t\t\t \t<li class=\"event \">\n\t\t\t\t\t<div class=\"event-date single-date\"><div class=\"startdate\"><div class=\"event-weekday\">Sa.<\/div><div class=\"event-day\">20<\/div><div class=\"event-month\">Juni<\/div><div class=\"event-year\">2026<\/div><\/div><\/div>\n\t\t\t\t\t<div class=\"event-info single-day\"><div class=\"event-title\"><h3><a href=\"https:\/\/fu-ortsverband-reisbach.de\/?page_id=24&amp;rest_route=%2Fwp%2Fv2%2Fpages%2F24&amp;event_id1=868\">Tagesausflug zum Rosenfest in Krumau<\/a><\/h3><\/div><span class=\"event-location\">Krumau, Tschechien<\/span><div class=\"event-content\"><p>Beteiligung an einem Busausflug der Firma Pellkofer. Abfahrt in Dingolfing um 08.00 Uhr.<\/p>\n<p><span style=\"font-family: Times New Roman, serif;\"><span style=\"font-size: large;\">Das Motto in<\/span><\/span> <span style=\"font-family: Times New Roman, serif;\"><span style=\"font-size: large;\">diesem Jahr ist die R\u00fcckkehr\u00a0<\/span><\/span><span style=\"font-family: Times New Roman, serif;\"><span style=\"font-size: large;\">der f\u00fcnfbl\u00e4ttrigen Rose. Die Stadt kehrt in\u00a0<\/span><\/span><span style=\"font-family: Times New Roman, serif;\"><span style=\"font-size: large;\">ihre glanzvollste Epoche, die Renaissance,\u00a0<\/span><\/span><span style=\"font-family: Times New Roman, serif;\"><span style=\"font-size: large;\">zur\u00fcck und erinnert an den Ruhm der\u00a0<\/span><\/span><span style=\"font-family: Times New Roman, serif;\"><span style=\"font-size: large;\">f\u00fcnfbl\u00e4ttrigen Rose. \u00dcberall erklingt\u00a0<\/span><\/span><span style=\"font-family: Times New Roman, serif;\"><span style=\"font-size: large;\">historische Musik, es gibt Schwertk\u00e4mpfe,\u00a0<\/span><\/span><span style=\"font-family: Times New Roman, serif;\"><span style=\"font-size: large;\">Auftritte von Gauklern, Jongleuren und\u00a0<\/span><\/span><span style=\"font-family: Times New Roman, serif;\"><span style=\"font-size: large;\">Fakiren, eine Vielzahl von Theater- und Tanzauff\u00fchrungen, zeitgen\u00f6ssische Spiele und\u00a0<\/span><\/span><span style=\"font-family: Times New Roman, serif;\"><span style=\"font-size: large;\">Unterhaltung f\u00fcr Kinder und Erwachsene. Markth\u00e4ndler bieten ihre Waren an. <\/span><\/span><span style=\"font-family: Times New Roman, serif;\"><span style=\"font-size: large;\">Die Besucher erwartet au\u00dferdem ein Ritterturnier, das an die Legende der Rosenteilung\u00a0<\/span><\/span><span style=\"font-family: Times New Roman, serif;\"><span style=\"font-size: large;\">erinnert sowie Vorf\u00fchrungen von Pferdedressuren.<\/span><\/span><\/p>\n<p><span style=\"font-family: Times New Roman, serif;\"><span style=\"font-size: large;\"><u>Verbindliche Anmeldung erbeten bis sp\u00e4testens 06.06.2026 bei der Ortsvorsitzenden.<\/u><\/span><\/span><\/p>\n<\/div><\/div>\n\t\t\t\t<\/li><\/ul>\n\t\t\t\t<\/div>\n","protected":false},"excerpt":{"rendered":"","protected":false},"author":1,"featured_media":0,"parent":0,"menu_order":0,"comment_status":"closed","ping_status":"closed","template":"","meta":{"footnotes":""},"class_list":["post-24","page","type-page","status-publish"],"_links":{"self":[{"href":"https:\/\/fu-ortsverband-reisbach.de\/index.php?rest_route=\/wp\/v2\/pages\/24","targetHints":{"allow":["GET"]}}],"collection":[{"href":"https:\/\/fu-ortsverband-reisbach.de\/index.php?rest_route=\/wp\/v2\/pages"}],"about":[{"href":"https:\/\/fu-ortsverband-reisbach.de\/index.php?rest_route=\/wp\/v2\/types\/page"}],"author":[{"embeddable":true,"href":"https:\/\/fu-ortsverband-reisbach.de\/index.php?rest_route=\/wp\/v2\/users\/1"}],"replies":[{"embeddable":true,"href":"https:\/\/fu-ortsverband-reisbach.de\/index.php?rest_route=%2Fwp%2Fv2%2Fcomments&post=24"}],"version-history":[{"count":0,"href":"https:\/\/fu-ortsverband-reisbach.de\/index.php?rest_route=\/wp\/v2\/pages\/24\/revisions"}],"wp:attachment":[{"href":"https:\/\/fu-ortsverband-reisbach.de\/index.php?rest_route=%2Fwp%2Fv2%2Fmedia&parent=24"}],"curies":[{"name":"wp","href":"https:\/\/api.w.org\/{rel}","templated":true}]}}